{"id":5978,"date":"2022-05-19T08:30:54","date_gmt":"2022-05-19T06:30:54","guid":{"rendered":"https:\/\/joseppons.neorgvirtual.com\/legal-notice\/"},"modified":"2025-10-22T11:30:38","modified_gmt":"2025-10-22T09:30:38","slug":"aviso-legal","status":"publish","type":"page","link":"https:\/\/www.joseppons.net\/es\/aviso-legal\/","title":{"rendered":"Aviso legal"},"content":{"rendered":"\t\t<div data-elementor-type=\"wp-page\" data-elementor-id=\"5978\" class=\"elementor elementor-5978 elementor-1158\" data-elementor-post-type=\"page\">\n\t\t\t\t<div class=\"elementor-element elementor-element-018ed4a e-con-full e-flex elementor-invisible e-con e-parent\" data-id=\"018ed4a\" data-element_type=\"container\" data-settings=\"{&quot;background_background&quot;:&quot;classic&quot;,&quot;animation&quot;:&quot;fadeIn&quot;,&quot;animation_delay&quot;:500}\">\n\t\t\t\t<div class=\"elementor-element elementor-element-21ef13f elementor-widget elementor-widget-heading\" data-id=\"21ef13f\" data-element_type=\"widget\" data-widget_type=\"heading.default\">\n\t\t\t\t<div class=\"elementor-widget-container\">\n\t\t\t\t\t<h2 class=\"elementor-heading-title elementor-size-default\">Aviso legal<\/h2>\t\t\t\t<\/div>\n\t\t\t\t<\/div>\n\t\t\t\t<\/div>\n\t\t<div class=\"elementor-element elementor-element-c69ccda e-flex e-con-boxed e-con e-parent\" data-id=\"c69ccda\" data-element_type=\"container\">\n\t\t\t\t\t<div class=\"e-con-inner\">\n\t\t\t\t<div class=\"elementor-element elementor-element-f38bfc0 elementor-invisible elementor-widget elementor-widget-text-editor\" data-id=\"f38bfc0\" data-element_type=\"widget\" data-settings=\"{&quot;_animation&quot;:&quot;fadeIn&quot;}\" data-widget_type=\"text-editor.default\">\n\t\t\t\t<div class=\"elementor-widget-container\">\n\t\t\t\t\t\t\t\t\t<p><span style=\"font-weight: 400;\">El sitio web y el dominio <a href=\"https:\/\/www.joseppons.net\/\"><span style=\"text-decoration: underline;\"><strong>joseppons.net<\/strong><\/span><\/a><\/span> corresponden a<span style=\"font-weight: 400;\">\u00a0<\/span><span style=\"font-weight: 400;\"><strong>LEVARE 98 S.L.<\/strong> ((en adelante <strong>LA SOCIETAT<\/strong>), con <\/span><span style=\"font-weight: 400;\"><strong>CIF B 61575700<\/strong>,<\/span><span style=\"font-weight: 400;\"> domiciliada en <strong>L\u2019Ametlla de Merola, Pla\u00e7a Esgl<\/strong><\/span><strong>\u00e9<\/strong><span style=\"font-weight: 400;\"><strong>sia n\u00ba 5<\/strong>, tel. <strong>629394859<\/strong> .<\/span><\/p><p><span style=\"font-weight: 400;\">Figura inscrita en el <strong>Registre Mercantil de Barcelona<\/strong>, Full B-170761, Volum 30462, Foli 212, CIF B 61575700\u00a0<br \/><\/span><span style=\"font-weight: 400;\">\u00a0<\/span><\/p><p><strong>PROPIEDAD INTELECTUAL E INDUSTRIAL<\/strong><\/p><p><span style=\"font-weight: 400;\">Los contenidos de este sitio, incluyendo los textos, im\u00e1genes y dise\u00f1os gr\u00e1ficos, pertenecen a LA SOCIETAT o a terceros que han autorizado su uso espec\u00edficamente en su sitio web<\/span><span style=\"font-weight: 400;\">. <\/span><span style=\"font-weight: 400;\">LA SOCIETAT\u00a0 presenta estos contenidos con fines de informaci\u00f3n y publicidad. LA\u00a0 SOCIETAT autoriza su utilizaci\u00f3n exclusivamente para difundir sus productos o servicios. Cualquier utilizaci\u00f3n de estos dise\u00f1os, im\u00e1genes o textos deber\u00e1 citar expresamente su pertenencia a LA SOCIETAT, autoriza su utilizaci\u00f3n exclusivamente para difundir sus productos o servicios. Cualquier utilizaci\u00f3n de estos dise\u00f1os, im\u00e1genes o textos deber\u00e1 citar expresamente su pertenencia a LA SOCIETAT\u00a0 ni los clientes de LA SOCIETAT sin autorizaci\u00f3n expresa, previa y por escrito de los respectivos titulares de los derechos.<br \/><\/span><\/p><p>No se autorizan presentaciones de los contenidos de este sitio en una ventana ajena a <a href=\"https:\/\/www.joseppons.net\/\"> https:\/\/www.joseppons.net<\/a> (framing).<\/p><p><span style=\"font-weight: 400;\"><br \/><\/span><strong>RESPONSABILIDAD SOBRE LOS CONTENIDOS<\/strong><\/p><p><span style=\"font-weight: 400;\">Aunque LA SOCIETAT act\u00faa con la m\u00e1xima diligencia posible, puede darse el caso de que alg\u00fan dato o informaci\u00f3n no est\u00e9 del todo actualizada en el momento que el usuario del sitio web lo consulte. Por eso LA SOCIETAT manifiesta que las referencias de los productos y precios que se presentan en su sitio web tienen una funci\u00f3n orientativa y no obligan a LA SOCIETAT hasta la confirmaci\u00f3n expresa de un pedido.<br \/><\/span><\/p><p><span style=\"font-weight: 400;\">LA SOCIETAT no se hace responsable de la informaci\u00f3n que se pueda obtener a trav\u00e9s de enlaces incluidos en el sitio.<br \/><\/span><\/p><p><span style=\"font-weight: 400;\">\u00a0<br \/><\/span><strong>CONDICIONES DE USO<\/strong><\/p><p>El uso de este sitio web implica la aceptaci\u00f3n plena de los t\u00e9rminos y condiciones del presente aviso legal. Los posibles conflictos relativos a esta web se regir\u00e1n exclusivamente por el derecho del Estado espa\u00f1ol. Toda persona usuaria del web, independientemente de la jurisdicci\u00f3n territorial desde la que se produzca su acceso, acepta el cumplimiento y respeto de estas cl\u00e1usulas.<\/p>\t\t\t\t\t\t\t\t<\/div>\n\t\t\t\t<\/div>\n\t\t\t\t\t<\/div>\n\t\t\t\t<\/div>\n\t\t\t\t<\/div>\n\t\t","protected":false},"excerpt":{"rendered":"<p>El sitio web y el dominio joseppons.net corresponden a\u00a0LEVARE 98 S.L. ((en adelante LA SOCIETAT), con CIF B 61575700, domiciliada en L\u2019Ametlla de Merola, Pla\u00e7a Esgl\u00e9sia n\u00ba 5, tel. 629394859 . Figura inscrita en el Registre Mercantil de Barcelona, Full B-170761, Volum 30462, Foli 212, CIF B 61575700\u00a0\u00a0 PROPIEDAD INTELECTUAL E INDUSTRIAL Los contenidos de&hellip;&nbsp;<a href=\"https:\/\/www.joseppons.net\/es\/aviso-legal\/\" rel=\"bookmark\"><span class=\"screen-reader-text\">Aviso legal<\/span><\/a><\/p>\n","protected":false},"author":1,"featured_media":0,"parent":0,"menu_order":0,"comment_status":"closed","ping_status":"closed","template":"page-templates\/template-pagebuilder-full-width.php","meta":{"_acf_changed":false,"neve_meta_sidebar":"","neve_meta_container":"","neve_meta_enable_content_width":"off","neve_meta_content_width":100,"neve_meta_title_alignment":"","neve_meta_author_avatar":"","neve_post_elements_order":"","neve_meta_disable_header":"","neve_meta_disable_footer":"","neve_meta_disable_title":"","footnotes":""},"class_list":["post-5978","page","type-page","status-publish","hentry"],"acf":[],"yoast_head":"<!-- This site is optimized with the Yoast SEO plugin v26.2 - https:\/\/yoast.com\/wordpress\/plugins\/seo\/ -->\n<title>Aviso legal | JOSEP PONS<\/title>\n<meta name=\"robots\" content=\"noindex, follow\" \/>\n<meta property=\"og:locale\" content=\"es_ES\" \/>\n<meta property=\"og:type\" content=\"article\" \/>\n<meta property=\"og:title\" content=\"Aviso legal | JOSEP PONS\" \/>\n<meta property=\"og:description\" content=\"El sitio web y el dominio joseppons.net corresponden a\u00a0LEVARE 98 S.L. ((en adelante LA SOCIETAT), con CIF B 61575700, domiciliada en L\u2019Ametlla de Merola, Pla\u00e7a Esgl\u00e9sia n\u00ba 5, tel. 629394859 . Figura inscrita en el Registre Mercantil de Barcelona, Full B-170761, Volum 30462, Foli 212, CIF B 61575700\u00a0\u00a0 PROPIEDAD INTELECTUAL E INDUSTRIAL Los contenidos de&hellip;&nbsp;Aviso legal\" \/>\n<meta property=\"og:url\" content=\"https:\/\/www.joseppons.net\/es\/aviso-legal\/\" \/>\n<meta property=\"og:site_name\" content=\"JOSEP PONS\" \/>\n<meta property=\"article:publisher\" content=\"https:\/\/www.facebook.com\/people\/Josep-Pons\/\" \/>\n<meta property=\"article:modified_time\" content=\"2025-10-22T09:30:38+00:00\" \/>\n<meta property=\"og:image\" content=\"https:\/\/www.joseppons.net\/wp-content\/uploads\/2025\/10\/Josep-pons.jpg\" \/>\n\t<meta property=\"og:image:width\" content=\"1280\" \/>\n\t<meta property=\"og:image:height\" content=\"720\" \/>\n\t<meta property=\"og:image:type\" content=\"image\/jpeg\" \/>\n<meta name=\"twitter:card\" content=\"summary_large_image\" \/>\n<meta name=\"twitter:label1\" content=\"Tiempo de lectura\" \/>\n\t<meta name=\"twitter:data1\" content=\"2 minutos\" \/>\n<script type=\"application\/ld+json\" class=\"yoast-schema-graph\">{\"@context\":\"https:\/\/schema.org\",\"@graph\":[{\"@type\":\"WebPage\",\"@id\":\"https:\/\/www.joseppons.net\/es\/aviso-legal\/\",\"url\":\"https:\/\/www.joseppons.net\/es\/aviso-legal\/\",\"name\":\"Aviso legal | JOSEP PONS\",\"isPartOf\":{\"@id\":\"https:\/\/www.joseppons.net\/es\/#website\"},\"datePublished\":\"2022-05-19T06:30:54+00:00\",\"dateModified\":\"2025-10-22T09:30:38+00:00\",\"breadcrumb\":{\"@id\":\"https:\/\/www.joseppons.net\/es\/aviso-legal\/#breadcrumb\"},\"inLanguage\":\"es\",\"potentialAction\":[{\"@type\":\"ReadAction\",\"target\":[\"https:\/\/www.joseppons.net\/es\/aviso-legal\/\"]}]},{\"@type\":\"BreadcrumbList\",\"@id\":\"https:\/\/www.joseppons.net\/es\/aviso-legal\/#breadcrumb\",\"itemListElement\":[{\"@type\":\"ListItem\",\"position\":1,\"name\":\"Inici\",\"item\":\"https:\/\/www.joseppons.net\/es\/\"},{\"@type\":\"ListItem\",\"position\":2,\"name\":\"Aviso legal\"}]},{\"@type\":\"WebSite\",\"@id\":\"https:\/\/www.joseppons.net\/es\/#website\",\"url\":\"https:\/\/www.joseppons.net\/es\/\",\"name\":\"JOSEP PONS\",\"description\":\"Comprom\u00e8s amb la m\u00fasica\",\"publisher\":{\"@id\":\"https:\/\/www.joseppons.net\/es\/#organization\"},\"alternateName\":\"JOSEP PONS\",\"potentialAction\":[{\"@type\":\"SearchAction\",\"target\":{\"@type\":\"EntryPoint\",\"urlTemplate\":\"https:\/\/www.joseppons.net\/es\/?s={search_term_string}\"},\"query-input\":{\"@type\":\"PropertyValueSpecification\",\"valueRequired\":true,\"valueName\":\"search_term_string\"}}],\"inLanguage\":\"es\"},{\"@type\":\"Organization\",\"@id\":\"https:\/\/www.joseppons.net\/es\/#organization\",\"name\":\"JOSEP PONS\",\"alternateName\":\"JOSEP PONS\",\"url\":\"https:\/\/www.joseppons.net\/es\/\",\"logo\":{\"@type\":\"ImageObject\",\"inLanguage\":\"es\",\"@id\":\"https:\/\/www.joseppons.net\/es\/#\/schema\/logo\/image\/\",\"url\":\"https:\/\/www.joseppons.net\/wp-content\/uploads\/2025\/06\/cropped-favicon-jp.png\",\"contentUrl\":\"https:\/\/www.joseppons.net\/wp-content\/uploads\/2025\/06\/cropped-favicon-jp.png\",\"width\":512,\"height\":512,\"caption\":\"JOSEP PONS\"},\"image\":{\"@id\":\"https:\/\/www.joseppons.net\/es\/#\/schema\/logo\/image\/\"},\"sameAs\":[\"https:\/\/www.facebook.com\/people\/Josep-Pons\/\",\"https:\/\/www.instagram.com\/josepponsconductor\/\",\"https:\/\/x.com\/ConductorPons\",\"https:\/\/open.spotify.com\/artist\/1TlFTSPL1hXKUTjHIqqFvV\",\"https:\/\/music.apple.com\/es\/artist\/josep-pons\/205799774\"]}]}<\/script>\n<!-- \/ Yoast SEO plugin. -->","yoast_head_json":{"title":"Aviso legal | JOSEP PONS","robots":{"index":"noindex","follow":"follow"},"og_locale":"es_ES","og_type":"article","og_title":"Aviso legal | JOSEP PONS","og_description":"El sitio web y el dominio joseppons.net corresponden a\u00a0LEVARE 98 S.L. ((en adelante LA SOCIETAT), con CIF B 61575700, domiciliada en L\u2019Ametlla de Merola, Pla\u00e7a Esgl\u00e9sia n\u00ba 5, tel. 629394859 . Figura inscrita en el Registre Mercantil de Barcelona, Full B-170761, Volum 30462, Foli 212, CIF B 61575700\u00a0\u00a0 PROPIEDAD INTELECTUAL E INDUSTRIAL Los contenidos de&hellip;&nbsp;Aviso legal","og_url":"https:\/\/www.joseppons.net\/es\/aviso-legal\/","og_site_name":"JOSEP PONS","article_publisher":"https:\/\/www.facebook.com\/people\/Josep-Pons\/","article_modified_time":"2025-10-22T09:30:38+00:00","og_image":[{"width":1280,"height":720,"url":"https:\/\/www.joseppons.net\/wp-content\/uploads\/2025\/10\/Josep-pons.jpg","type":"image\/jpeg"}],"twitter_card":"summary_large_image","twitter_misc":{"Tiempo de lectura":"2 minutos"},"schema":{"@context":"https:\/\/schema.org","@graph":[{"@type":"WebPage","@id":"https:\/\/www.joseppons.net\/es\/aviso-legal\/","url":"https:\/\/www.joseppons.net\/es\/aviso-legal\/","name":"Aviso legal | JOSEP PONS","isPartOf":{"@id":"https:\/\/www.joseppons.net\/es\/#website"},"datePublished":"2022-05-19T06:30:54+00:00","dateModified":"2025-10-22T09:30:38+00:00","breadcrumb":{"@id":"https:\/\/www.joseppons.net\/es\/aviso-legal\/#breadcrumb"},"inLanguage":"es","potentialAction":[{"@type":"ReadAction","target":["https:\/\/www.joseppons.net\/es\/aviso-legal\/"]}]},{"@type":"BreadcrumbList","@id":"https:\/\/www.joseppons.net\/es\/aviso-legal\/#breadcrumb","itemListElement":[{"@type":"ListItem","position":1,"name":"Inici","item":"https:\/\/www.joseppons.net\/es\/"},{"@type":"ListItem","position":2,"name":"Aviso legal"}]},{"@type":"WebSite","@id":"https:\/\/www.joseppons.net\/es\/#website","url":"https:\/\/www.joseppons.net\/es\/","name":"JOSEP PONS","description":"Comprom\u00e8s amb la m\u00fasica","publisher":{"@id":"https:\/\/www.joseppons.net\/es\/#organization"},"alternateName":"JOSEP PONS","potentialAction":[{"@type":"SearchAction","target":{"@type":"EntryPoint","urlTemplate":"https:\/\/www.joseppons.net\/es\/?s={search_term_string}"},"query-input":{"@type":"PropertyValueSpecification","valueRequired":true,"valueName":"search_term_string"}}],"inLanguage":"es"},{"@type":"Organization","@id":"https:\/\/www.joseppons.net\/es\/#organization","name":"JOSEP PONS","alternateName":"JOSEP PONS","url":"https:\/\/www.joseppons.net\/es\/","logo":{"@type":"ImageObject","inLanguage":"es","@id":"https:\/\/www.joseppons.net\/es\/#\/schema\/logo\/image\/","url":"https:\/\/www.joseppons.net\/wp-content\/uploads\/2025\/06\/cropped-favicon-jp.png","contentUrl":"https:\/\/www.joseppons.net\/wp-content\/uploads\/2025\/06\/cropped-favicon-jp.png","width":512,"height":512,"caption":"JOSEP PONS"},"image":{"@id":"https:\/\/www.joseppons.net\/es\/#\/schema\/logo\/image\/"},"sameAs":["https:\/\/www.facebook.com\/people\/Josep-Pons\/","https:\/\/www.instagram.com\/josepponsconductor\/","https:\/\/x.com\/ConductorPons","https:\/\/open.spotify.com\/artist\/1TlFTSPL1hXKUTjHIqqFvV","https:\/\/music.apple.com\/es\/artist\/josep-pons\/205799774"]}]}},"_links":{"self":[{"href":"https:\/\/www.joseppons.net\/es\/wp-json\/wp\/v2\/pages\/5978","targetHints":{"allow":["GET"]}}],"collection":[{"href":"https:\/\/www.joseppons.net\/es\/wp-json\/wp\/v2\/pages"}],"about":[{"href":"https:\/\/www.joseppons.net\/es\/wp-json\/wp\/v2\/types\/page"}],"author":[{"embeddable":true,"href":"https:\/\/www.joseppons.net\/es\/wp-json\/wp\/v2\/users\/1"}],"replies":[{"embeddable":true,"href":"https:\/\/www.joseppons.net\/es\/wp-json\/wp\/v2\/comments?post=5978"}],"version-history":[{"count":4,"href":"https:\/\/www.joseppons.net\/es\/wp-json\/wp\/v2\/pages\/5978\/revisions"}],"predecessor-version":[{"id":5982,"href":"https:\/\/www.joseppons.net\/es\/wp-json\/wp\/v2\/pages\/5978\/revisions\/5982"}],"wp:attachment":[{"href":"https:\/\/www.joseppons.net\/es\/wp-json\/wp\/v2\/media?parent=5978"}],"curies":[{"name":"wp","href":"https:\/\/api.w.org\/{rel}","templated":true}]}}